{"id":538,"date":"2015-02-14T08:59:00","date_gmt":"2015-02-14T08:59:00","guid":{"rendered":"http:\/\/wpcharming.wpengine.com\/construction\/?page_id=538"},"modified":"2024-01-09T13:54:58","modified_gmt":"2024-01-09T16:54:58","slug":"home-extended","status":"publish","type":"page","link":"https:\/\/somosbewell.cl\/landing03\/","title":{"rendered":"01 Landing Alianza Rex+"},"content":{"rendered":"<p>[vc_row row_type=&#8221;row_full_center_content&#8221; bg_color=&#8221;#b5e9fb&#8221;][vc_column][vc_column_text]<\/p>\n<h1 style=\"text-align: center;\"><strong>\u00bfA\u00fan gestionas seguros colectivos manualmente?<\/strong><\/h1>\n<p>[\/vc_column_text][vc_column_text]<\/p>\n<p style=\"text-align: center;\"><img loading=\"lazy\" decoding=\"async\" class=\"\" src=\"https:\/\/assets.cdn.msgsndr.com\/6OHBL2cZ6D3wa5VYTh73\/media\/636bfb964a508f6ce43e433c.png\" width=\"158\" height=\"64\" \/>\u00a0 \u00a0 \u00a0 \u00a0 \u00a0 \u00a0 \u00a0 <img loading=\"lazy\" decoding=\"async\" class=\"alignnone wp-image-851\" src=\"https:\/\/puntovincular.cl\/bewell\/wp-content\/uploads\/2023\/02\/638e1dc8f008a56e471b00e5.png\" alt=\"\" width=\"15\" height=\"67\" \/>\u00a0 \u00a0 \u00a0 \u00a0 \u00a0 <img loading=\"lazy\" decoding=\"async\" class=\"alignnone size-medium wp-image-976\" src=\"https:\/\/somosbewell.cl\/landing03\/wp-content\/uploads\/2023\/03\/logoBewell2.61327ca4-300x90.png\" alt=\"\" width=\"300\" height=\"90\" srcset=\"https:\/\/somosbewell.cl\/landing03\/wp-content\/uploads\/2023\/03\/logoBewell2.61327ca4-300x90.png 300w, https:\/\/somosbewell.cl\/landing03\/wp-content\/uploads\/2023\/03\/logoBewell2.61327ca4.png 746w\" sizes=\"auto, (max-width: 300px) 100vw, 300px\" \/><\/p>\n<p>[\/vc_column_text][vc_empty_space][vc_column_text]<\/p>\n<h3 style=\"text-align: center;\"><strong>Simplifica tu gesti\u00f3n de seguros colectivos usando la integraci\u00f3n de Rex+ y bewell plus para administrar digitalmente las incorporaciones y exclusiones al Seguro de Vida y Salud de tu empresa, gestionando de manera online los procesos de cobranza y facturaci\u00f3n.<\/strong><\/h3>\n<p>[\/vc_column_text][vc_button title=&#8221;Agenda una demo&#8221; color=&#8221;primary&#8221; position=&#8221;center&#8221; el_class=&#8221;paoc-popup-click paoc-popup-cust-961 paoc-popup-simple_link paoc-popup-link&#8221; link=&#8221;url:javascript%3Avoid(0)%3B|||&#8221;][vc_column_text]<\/p>\n<h3 style=\"text-align: center;\"><strong>Trabajamos con las mejores compa\u00f1\u00edas de seguros<\/strong><\/h3>\n<p>[\/vc_column_text][vc_single_image image=&#8221;941&#8243; img_size=&#8221;full&#8221; alignment=&#8221;center&#8221;][vc_column_text]\r\n\t<a class=\"paoc-popup-click paoc-popup-cust-961 paoc-popup-simple_link paoc-popup-link\" href=\"javascript:void(0);\">.<\/a>\r\n\r\n[\/vc_column_text][\/vc_column][\/vc_row][vc_row row_type=&#8221;row_fullwidth_content&#8221; bg_color=&#8221;#b5e9fb&#8221; row_meta_color=&#8221;false&#8221; bg_image=&#8221;943&#8243; bg_position=&#8221;center center&#8221;][vc_column][\/vc_column][\/vc_row][vc_row row_type=&#8221;row_full_center_content&#8221; bg_color=&#8221;#00b8ff&#8221;][vc_column width=&#8221;1\/2&#8243;][vc_column_text]<\/p>\n<h1><span style=\"color: #ffffff;\"><strong>Somosbewell<\/strong><\/span><\/h1>\n<p>[\/vc_column_text][vc_column_text]<\/p>\n<h3><strong>Experiencia y digitalizaci\u00f3n en gesti\u00f3n de seguros colectivos para colaboradores<\/strong><\/h3>\n<p>[\/vc_column_text][vc_column_text]<\/p>\n<h3><span style=\"color: #ffffff;\">En bewell somos profesionales con m\u00e1s de 25 a\u00f1os en gesti\u00f3n de beneficios y seguros.<\/span><br \/>\n<span style=\"color: #ffffff;\">Formamos parte del grupo Sable, cuya misi\u00f3n es simplificar el d\u00eda a d\u00eda a trav\u00e9s de ecosistemas digitales.<\/span><\/h3>\n<p>[\/vc_column_text][vc_button title=&#8221;Agenda una demo&#8221; color=&#8221;secondary&#8221; size=&#8221;large&#8221; el_class=&#8221;paoc-popup-click paoc-popup-cust-961 paoc-popup-simple_link paoc-popup-link&#8221; link=&#8221;url:javascript%3Avoid(0)%3B|||&#8221;][\/vc_column][vc_column width=&#8221;1\/2&#8243;][vc_column_text]<img loading=\"lazy\" decoding=\"async\" class=\"wp-image-907 aligncenter\" src=\"https:\/\/puntovincular.cl\/bewell\/wp-content\/uploads\/2023\/02\/638e4bc8f008a548781b4b23-1-300x73.png\" alt=\"\" width=\"156\" height=\"38\" \/>[\/vc_column_text][vc_single_image image=&#8221;945&#8243; img_size=&#8221;medium&#8221; alignment=&#8221;center&#8221;][\/vc_column][\/vc_row][vc_row row_type=&#8221;row_fullwidth_content&#8221; bg_color=&#8221;#00b8ff&#8221; row_meta_color=&#8221;false&#8221; bg_image=&#8221;953&#8243; bg_position=&#8221;center center&#8221;][vc_column][\/vc_column][\/vc_row][vc_row row_type=&#8221;row_full_center_content&#8221; bg_color=&#8221;#06639d&#8221;][vc_column][vc_column_text]<\/p>\n<h2 style=\"text-align: center;\"><span style=\"color: #ffffff;\"><strong>Una integraci\u00f3n pensada para ahorrar tiempo y disminuir errores<\/strong><\/span><\/h2>\n<p>[\/vc_column_text][vc_row_inner][vc_column_inner width=&#8221;1\/4&#8243;][vc_single_image image=&#8221;981&#8243; img_size=&#8221;full&#8221; alignment=&#8221;center&#8221;][vc_column_text]<\/p>\n<p style=\"text-align: center;\"><span style=\"color: #ccffff;\"><strong>Ingreso colaborador a Rex+<\/strong><\/span><\/p>\n<p>[\/vc_column_text][\/vc_column_inner][vc_column_inner width=&#8221;1\/4&#8243;][vc_single_image image=&#8221;951&#8243; img_size=&#8221;full&#8221; alignment=&#8221;center&#8221;][vc_column_text]<\/p>\n<p style=\"text-align: center;\"><span style=\"color: #ccffff;\"><strong>Transferencia datos a bewell plus<\/strong><\/span><\/p>\n<p>[\/vc_column_text][\/vc_column_inner][vc_column_inner width=&#8221;1\/4&#8243;][vc_single_image image=&#8221;949&#8243; img_size=&#8221;full&#8221; alignment=&#8221;center&#8221;][vc_column_text]<\/p>\n<p style=\"text-align: center;\"><span style=\"color: #ccffff;\"><strong>bewell plus hace onboarding al colaborador y env\u00edo digital a la aseguradora<\/strong><\/span><\/p>\n<p>[\/vc_column_text][\/vc_column_inner][vc_column_inner width=&#8221;1\/4&#8243;][vc_single_image image=&#8221;982&#8243; img_size=&#8221;full&#8221; alignment=&#8221;center&#8221;][vc_column_text]<\/p>\n<p style=\"text-align: center;\"><span style=\"color: #ccffff;\"><strong>Asegurador notifica el alta en sus sistemas y bewell plus env\u00eda kit de bienvenida<\/strong><\/span><\/p>\n<p>[\/vc_column_text][\/vc_column_inner][\/vc_row_inner][\/vc_column][\/vc_row][vc_row row_type=&#8221;row_full_center_content&#8221; bg_color=&#8221;#034d7b&#8221;][vc_column][vc_row_inner][vc_column_inner width=&#8221;1\/2&#8243;][vc_column_text]<\/p>\n<h4><img loading=\"lazy\" decoding=\"async\" class=\"wp-image-917 alignleft\" src=\"https:\/\/puntovincular.cl\/bewell\/wp-content\/uploads\/2023\/02\/636bfb964a508f6ce43e433c-1.png\" alt=\"\" width=\"92\" height=\"38\" \/><a href=\"http:\/\/www.rexmas.com\" target=\"_blank\" rel=\"noopener\"><strong><span style=\"color: #ffffff;\">www.rexmas.com<\/span><\/strong><\/a><br \/>\n<a href=\"mailto:comercial@rexmas.com\" target=\"_blank\" rel=\"noopener\"><strong><span style=\"color: #ffffff;\">comercial@rexmas.com<\/span><\/strong><\/a><\/h4>\n<p>[\/vc_column_text][\/vc_column_inner][vc_column_inner width=&#8221;1\/2&#8243;][vc_column_text]<\/p>\n<h4><img loading=\"lazy\" decoding=\"async\" class=\"wp-image-925 alignleft\" src=\"https:\/\/puntovincular.cl\/bewell\/wp-content\/uploads\/2023\/02\/6397604946f31c6ab2a3a1ea-300x78.png\" alt=\"\" width=\"121\" height=\"33\" \/><a href=\"https:\/\/puntovincular.cl\/bewell\/\" target=\"_blank\" rel=\"noopener\"><span style=\"color: #ffffff;\"><strong>www.somosbewell.cl<\/strong><\/span><\/a><br \/>\n<a href=\"mailto:info@somosbewell.cl\"><strong><span style=\"color: #ffffff;\">info@somosbewell.cl<\/span><\/strong><\/a><\/h4>\n<p>[\/vc_column_text][\/vc_column_inner][\/vc_row_inner][vc_empty_space][vc_btn title=&#8221;Agenda una demo&#8221; style=&#8221;classic&#8221; color=&#8221;info&#8221; size=&#8221;lg&#8221; align=&#8221;center&#8221; el_class=&#8221;paoc-popup-click paoc-popup-cust-961 paoc-popup-simple_link paoc-popup-link&#8221; link=&#8221;url:javascript%3Avoid(0)%3B|||&#8221;][\/vc_column][\/vc_row]<\/p>\n","protected":false},"excerpt":{"rendered":"<p>[vc_row row_type=&#8221;row_full_center_content&#8221; bg_color=&#8221;#b5e9fb&#8221;][vc_column][vc_column_text] \u00bfA\u00fan gestionas seguros colectivos manualmente? [\/vc_column_text][vc_column_text] \u00a0 \u00a0 \u00a0 \u00a0 \u00a0 \u00a0 \u00a0 \u00a0 \u00a0 \u00a0 \u00a0 \u00a0 &#8230;<\/p>\n","protected":false},"author":1,"featured_media":0,"parent":0,"menu_order":0,"comment_status":"open","ping_status":"closed","template":"","meta":{"footnotes":""},"class_list":["post-538","page","type-page","status-publish","hentry"],"_links":{"self":[{"href":"https:\/\/somosbewell.cl\/landing03\/wp-json\/wp\/v2\/pages\/538","targetHints":{"allow":["GET"]}}],"collection":[{"href":"https:\/\/somosbewell.cl\/landing03\/wp-json\/wp\/v2\/pages"}],"about":[{"href":"https:\/\/somosbewell.cl\/landing03\/wp-json\/wp\/v2\/types\/page"}],"author":[{"embeddable":true,"href":"https:\/\/somosbewell.cl\/landing03\/wp-json\/wp\/v2\/users\/1"}],"replies":[{"embeddable":true,"href":"https:\/\/somosbewell.cl\/landing03\/wp-json\/wp\/v2\/comments?post=538"}],"version-history":[{"count":22,"href":"https:\/\/somosbewell.cl\/landing03\/wp-json\/wp\/v2\/pages\/538\/revisions"}],"predecessor-version":[{"id":989,"href":"https:\/\/somosbewell.cl\/landing03\/wp-json\/wp\/v2\/pages\/538\/revisions\/989"}],"wp:attachment":[{"href":"https:\/\/somosbewell.cl\/landing03\/wp-json\/wp\/v2\/media?parent=538"}],"curies":[{"name":"wp","href":"https:\/\/api.w.org\/{rel}","templated":true}]}}